{"id":13,"date":"2021-11-03T14:28:07","date_gmt":"2021-11-03T18:28:07","guid":{"rendered":"https:\/\/creole101.com\/ht\/blog\/?page_id=13"},"modified":"2023-10-04T22:28:17","modified_gmt":"2023-10-05T02:28:17","slug":"kontakte-nou","status":"publish","type":"page","link":"https:\/\/creole101.com\/blog\/ht\/kontakte-nou\/","title":{"rendered":"Kontakte Nou"},"content":{"rendered":"\n<p>M\u00e8si paske w te vizite Creole101, sous ou f\u00e8 konfyans pou resous lang krey\u00f2l la. Nou apresye fidbak, kesyon, ak sijesyon ou yo. Ou lib pou kontakte nou nenp\u00f2t l\u00e8 l\u00e8 l s\u00e8vi av\u00e8k enf\u00f2masyon kontak ki anba a. Nou ap tann nou tande!<\/p>\n\n\n\n<div class=\"wp-block-contact-form-7-contact-form-selector\">\n<div class=\"wpcf7 no-js\" id=\"wpcf7-f4-o1\" lang=\"en-US\" dir=\"ltr\" data-wpcf7-id=\"4\">\n<div class=\"screen-reader-response\"><p role=\"status\" aria-live=\"polite\" aria-atomic=\"true\"><\/p> <ul><\/ul><\/div>\n<form action=\"\/blog\/wp-json\/wp\/v2\/pages\/13#wpcf7-f4-o1\" method=\"post\" class=\"wpcf7-form init\" aria-label=\"Contact form\" novalidate=\"novalidate\" data-status=\"init\">\n<fieldset class=\"hidden-fields-container\"><input type=\"hidden\" name=\"_wpcf7\" value=\"4\" \/><input type=\"hidden\" name=\"_wpcf7_version\" value=\"6.1.5\" \/><input type=\"hidden\" name=\"_wpcf7_locale\" value=\"en_US\" \/><input type=\"hidden\" name=\"_wpcf7_unit_tag\" value=\"wpcf7-f4-o1\" \/><input type=\"hidden\" name=\"_wpcf7_container_post\" value=\"0\" \/><input type=\"hidden\" name=\"_wpcf7_posted_data_hash\" value=\"\" \/>\n<\/fieldset>\n<p><label> Your name<br \/>\n<span class=\"wpcf7-form-control-wrap\" data-name=\"your-name\"><input size=\"40\" maxlength=\"400\" class=\"wpcf7-form-control wpcf7-text wpcf7-validates-as-required\" aria-required=\"true\" aria-invalid=\"false\" value=\"\" type=\"text\" name=\"your-name\" \/><\/span> <\/label>\n<\/p>\n<p><label> Your email<br \/>\n<span class=\"wpcf7-form-control-wrap\" data-name=\"your-email\"><input size=\"40\" maxlength=\"400\" class=\"wpcf7-form-control wpcf7-email wpcf7-validates-as-required wpcf7-text wpcf7-validates-as-email\" aria-required=\"true\" aria-invalid=\"false\" value=\"\" type=\"email\" name=\"your-email\" \/><\/span> <\/label>\n<\/p>\n<p><label> Subject<br \/>\n<span class=\"wpcf7-form-control-wrap\" data-name=\"your-subject\"><input size=\"40\" maxlength=\"400\" class=\"wpcf7-form-control wpcf7-text wpcf7-validates-as-required\" aria-required=\"true\" aria-invalid=\"false\" value=\"\" type=\"text\" name=\"your-subject\" \/><\/span> <\/label>\n<\/p>\n<p><label> Your message (optional)<br \/>\n<span class=\"wpcf7-form-control-wrap\" data-name=\"your-message\"><textarea cols=\"40\" rows=\"10\" maxlength=\"2000\" class=\"wpcf7-form-control wpcf7-textarea\" aria-invalid=\"false\" name=\"your-message\"><\/textarea><\/span> <\/label>\n<\/p>\n<p><input class=\"wpcf7-form-control wpcf7-submit has-spinner\" type=\"submit\" value=\"Submit\" \/>\n<\/p><div class=\"wpcf7-response-output\" aria-hidden=\"true\"><\/div>\n<\/form>\n<\/div>\n<\/div>\n\n\n\n<p><\/p>\n\n\n\n<p>Medya sosyal:<br>Konekte av\u00e8k nou sou sit rezo sosyl yo pou w jwenn mizajou, kons\u00e8y lang, ak plis ank\u00f2. #creole101com <\/p>\n\n\n\n<ul class=\"wp-block-list\">\n<li>Facebook <a href=\"https:\/\/facebook.com\/creole101\" target=\"_blank\" rel=\"noopener\">https:\/\/facebook.com\/creole101<\/a><\/li>\n\n\n\n<li>Instagram <a href=\"https:\/\/instagram.com\/creole101com\" target=\"_blank\" rel=\"noopener\">https:\/\/instagram.com\/creole101com<\/a><\/li>\n\n\n\n<li>X (Twitter) <a href=\"https:\/\/twitter.com\/creole101com\" target=\"_blank\" rel=\"noopener\">https:\/\/twitter.com\/creole101com<\/a><\/li>\n\n\n\n<li>Youtube: <a href=\"https:\/\/youtube.com\/@creole1015\" target=\"_blank\" rel=\"noopener\">https:\/\/youtube.com\/@creole1015<\/a><\/li>\n\n\n\n<li>LinkedIn <a href=\"https:\/\/linkedin.com\/company\/creole101\" target=\"_blank\" rel=\"noopener\">https:\/\/linkedin.com\/company\/creole101<\/a><\/li>\n<\/ul>\n\n\n\n<p>K\u00f2mant\u00e8 oswa fidbak:<br>Gen yon kesyon, sijesyon, oswa fidbak? Tanpri ranpli f\u00f2m ki piwo a, epi n ap adrese sitiyasyon an pi vit posib.<\/p>\n\n\n\n<p>Nan Creole101, nou pran angajman pou ba w pi bon resous pou amelyore eksperyans ou nan aprann lang krey\u00f2l la. Dwa ou gen anpil val\u00e8 pou nou pandan n ap f\u00e8 ef\u00f2 pou amelyore ak elaji \u00f2f nou yo. M\u00e8si paske w f\u00e8 pati kominote lang nou an!<\/p>\n","protected":false},"excerpt":{"rendered":"<p>M\u00e8si paske w te vizite Creole101, sous ou f\u00e8 konfyans pou resous lang krey\u00f2l la. Nou apresye fidbak, kesyon, ak sijesyon ou yo. Ou lib pou kontakte nou nenp\u00f2t l\u00e8 l\u00e8 l s\u00e8vi av\u00e8k enf\u00f2masyon kontak ki anba a. Nou ap tann nou tande! Medya sosyal:Konekte av\u00e8k nou sou sit rezo sosyl yo pou w [&hellip;]<\/p>\n","protected":false},"author":1,"featured_media":0,"parent":0,"menu_order":0,"comment_status":"closed","ping_status":"closed","template":"","meta":{"jnews_page_loop":[],"jnews_single_page":[],"jnews_social_meta":[],"footnotes":""},"class_list":["post-13","page","type-page","status-publish","hentry"],"_links":{"self":[{"href":"https:\/\/creole101.com\/blog\/wp-json\/wp\/v2\/pages\/13","targetHints":{"allow":["GET"]}}],"collection":[{"href":"https:\/\/creole101.com\/blog\/wp-json\/wp\/v2\/pages"}],"about":[{"href":"https:\/\/creole101.com\/blog\/wp-json\/wp\/v2\/types\/page"}],"author":[{"embeddable":true,"href":"https:\/\/creole101.com\/blog\/wp-json\/wp\/v2\/users\/1"}],"replies":[{"embeddable":true,"href":"https:\/\/creole101.com\/blog\/wp-json\/wp\/v2\/comments?post=13"}],"version-history":[{"count":0,"href":"https:\/\/creole101.com\/blog\/wp-json\/wp\/v2\/pages\/13\/revisions"}],"wp:attachment":[{"href":"https:\/\/creole101.com\/blog\/wp-json\/wp\/v2\/media?parent=13"}],"curies":[{"name":"wp","href":"https:\/\/api.w.org\/{rel}","templated":true}]}}